{"id":9795,"date":"2015-05-16T21:16:30","date_gmt":"2015-05-16T21:16:30","guid":{"rendered":"http:\/\/ciak-truck.hr\/elektrika\/?lang=en"},"modified":"2017-09-04T18:49:10","modified_gmt":"2017-09-04T18:49:10","slug":"elektrika","status":"publish","type":"page","link":"https:\/\/ciak-truck.hr\/en\/elektrika\/","title":{"rendered":"Electrical systems"},"content":{"rendered":"[vc_row style=&#8221;border: solid 1px #ddd; margin-bottom: 10px;&#8221;][vc_column width=&#8221;1\/3&#8243;]<img decoding=\"async\"  class=\"x-img\" style=\"width: 100%\" src=\"https:\/\/ciak-truck.hr\/wp-content\/uploads\/2017\/08\/ciak_starter_logo.png\" >[\/vc_column][vc_column width=&#8221;2\/3&#8243; style=&#8221;padding: 2%&#8221;]<p><strong>CIAK STARTER<\/strong><br \/>\n<em>Zagreb, Croatia<\/em><br \/>\nWith the well-known CIAK STARTER line, C.I.A.K. has been the innovative leader in vehicle batteries for 20 years. We are the pioneers of maintenance-free batteries \u2013 back then just a future technology, today this is the part of the standard offer of every battery manufacturer. That was when C.I.A.K., with its visionary view to the future of vehicle batteries, brought innovative technology to your vehicles &#8211; with the perfect value for money. Every CIAK STARTER battery for personal vehicle is made completely with the technology that requires no maintenance after installation. One of every five batteries sold in Croatian market is a CIAK Starter.<br \/>\n<a href=\"http:\/\/www.ciak-starter.hr\/\" target=\"_blank\" rel=\"noopener\">www.ciak-starter.hr<\/a><\/p>\n[\/vc_column][\/vc_row][vc_row style=&#8221;border: solid 1px #ddd; margin-bottom: 10px;&#8221;][vc_column width=&#8221;1\/3&#8243;]<img decoding=\"async\"  class=\"x-img\" style=\"width: 100%\" src=\"https:\/\/ciak-truck.hr\/wp-content\/uploads\/2015\/05\/0004_Varta.jpg\" >[\/vc_column][vc_column width=&#8221;2\/3&#8243; style=&#8221;padding: 2%&#8221;]<p><strong>VARTA<br \/>\n<\/strong><em>Cork, Ireland<\/em><br \/>\nJohnson Controls has a large portfolio of successful brands, and the VARTA brand is one of these successes. There is a sound basis for its VARTA&#8217;s inherent brand strength: VARTA represents top quality, innovative technology and many years of technical experience. The comprehensive VARTA range means that there is a VARTA battery for every vehicle. VARTA is one of the world\u2019s leading battery brands, renowned for high-quality and the use of forward-looking technologies and the sustainable handling of resources.<br \/>\n<a href=\"https:\/\/www.varta-automotive.com\/en-gb\" target=\"_blank\" rel=\"noopener\">www.varta-automotive.com<\/a><\/p>\n[\/vc_column][\/vc_row][vc_row style=&#8221;border: solid 1px #ddd; margin-bottom: 10px;&#8221;][vc_column width=&#8221;1\/3&#8243;]<img decoding=\"async\"  class=\"x-img\" style=\"width: 90%\" src=\"https:\/\/ciak-truck.hr\/wp-content\/uploads\/2015\/05\/Bosch.jpg\" >[\/vc_column][vc_column width=&#8221;2\/3&#8243; style=&#8221;padding: 2%&#8221;]<p><strong>BOSCH<\/strong><br \/>\n<em>Stuttgart, Germany<\/em><br \/>\nBOSCH GROUP is a leading global supplier of technology and services with a wide range of products, from windscreen wipers to complex electrical systems. Founded in 1886, today Bosch employs roughly 389,000 associates worldwide. The company generated sales of 73.1 billion \u20ac in 2016. New ideas are their tradition, with almost 7 billion \u20ac investment in R&amp;D. Every day, their employees in 120 engineering locations all over the world, develop new technologies, so a number of over 4500 patents per year isn&#8217;t a surprise.<br \/>\n<a href=\"https:\/\/www.boschautoparts.com\/en\/\" target=\"_blank\" rel=\"noopener\">www.bosch.com<\/a><\/p>\n[\/vc_column][\/vc_row][vc_row style=&#8221;border: solid 1px #ddd; margin-bottom: 10px;&#8221;][vc_column width=&#8221;1\/3&#8243; style=&#8221;padding-top: 1%&#8221;]<img decoding=\"async\"  class=\"x-img\" style=\"width: 100%\" src=\"https:\/\/ciak-truck.hr\/wp-content\/uploads\/2015\/05\/0052_Valeo.jpg\" >[\/vc_column][vc_column width=&#8221;2\/3&#8243; style=&#8221;padding: 2%&#8221;]<p><strong>VALEO<\/strong><br \/>\n<em>Pariz, France<\/em><br \/>\nValeo is an automotive supplier, partner to all automakers worldwide. As a technology company, Valeo proposes innovative products and systems that contribute to the reduction of CO2 emissions and to the development of intuitive driving. \u00a0In 2016, the Group generated sales of 16.5 billion euros and invested over 11% of its original equipment sales in Research and Development. Valeo has 155 plants, 20 research centers, 38 development centers and 15 distribution platforms, and employs 91,800 people in 32 countries worldwide.<br \/>\n<a href=\"http:\/\/www.valeo.com\" target=\"_blank\" rel=\"noopener\">www.valeo.com<\/a><\/p>\n[\/vc_column][\/vc_row][vc_row style=&#8221;border: solid 1px #ddd; margin-bottom: 10px;&#8221;][vc_column width=&#8221;1\/3&#8243; style=&#8221;padding-top: 1%&#8221;]<img decoding=\"async\"  class=\"x-img\" style=\"width: 100%\" src=\"https:\/\/ciak-truck.hr\/wp-content\/uploads\/2017\/07\/prestolite.png\" >[\/vc_column][vc_column width=&#8221;2\/3&#8243; style=&#8221;padding: 2%&#8221;]<p><strong>PRESTOLITE<\/strong><br \/>\n<em>Plymouth, USA<\/em><br \/>\nPrestolite Electric je svjetski proizvo\u0111a\u010d i dobavlja\u010d generatora, elektropokreta\u010da, ostale elektri\u010dne opreme i usluga u prijevozu industrijske i vojne industrije. Tvrtka je nastala kroz kombinaciju ve\u0107eg broja poduze\u0107a \u010dija proizvodnja datira iz ranih 1900-ih. Globalna proizvodno i distribucijska mre\u017ea pru\u017ea svim kupcima optimalno zadovoljavanje potreba za proizvodima pod Prestolite Electric i Leece-Neville imenom.<br \/>\n<a href=\"http:\/\/www.prestolite.com\/index-na.php\" target=\"_blank\" rel=\"noopener\">www.prestolite.com<\/a><\/p>\n[\/vc_column][\/vc_row][vc_row style=&#8221;border: solid 1px #ddd; margin-bottom: 10px;&#8221;][vc_column width=&#8221;1\/3&#8243; style=&#8221;padding-top: 1%&#8221;]<img decoding=\"async\"  class=\"x-img\" style=\"width: 100%\" src=\"https:\/\/ciak-truck.hr\/wp-content\/uploads\/2015\/05\/Hella.jpg\" >[\/vc_column][vc_column width=&#8221;2\/3&#8243; style=&#8221;padding: 2%&#8221;]<p><strong>HELLA<\/strong><br \/>\n<em><span class=\"locality\"><span class=\"_Xbe kno-fv\">Lippstadt<\/span><\/span>, Germany<\/em><br \/>\nHELLA is a global, family-owned company listed on the stock exchange that employs some 34,000 members of staff at over 125 locations in more than 35 countries. The HELLA Group develops and manufactures lighting and electronic components and systems for the automotive industry, and also has one of the largest trade organizations for automotive parts, accessories, diagnosis and services within Europe. With more than 6,000 people working in research and development, HELLA is one of the most important innovation drivers on the market. In addition, with sales of around 6.4 billion Euros in fiscal year 2015\/2016, the HELLA Group is one of the top 40 automotive parts suppliers in the world and one of the 100 largest German industrial companies.<br \/>\n<a href=\"http:\/\/www.hella.com\" target=\"_blank\" rel=\"noopener\">www.hella.com<\/a><\/p>\n[\/vc_column][\/vc_row][vc_row style=&#8221;border: solid 1px #ddd; margin-bottom: 10px;&#8221;][vc_column width=&#8221;1\/3&#8243;]<img decoding=\"async\"  class=\"x-img\" style=\"width: 100%\" src=\"https:\/\/ciak-truck.hr\/wp-content\/uploads\/2015\/05\/Vignal-logo.jpg\" >[\/vc_column][vc_column width=&#8221;2\/3&#8243; style=&#8221;padding: 2%&#8221;]<p><strong>VIGNAL<\/strong><br \/>\n<em>Corbas, France<\/em><br \/>\nVignal Lighting Group is specialized in designing, manufacturing and marketing of lighting and signalling products and systems for industrial and commercial vehicles. It is a result of the combination in 2014 of Vignal Systems and ABL Lights. Both companies gained over time an international recognition in their respective fields thanks to innovative and high-quality products. In 2016, Vignal Lighting Group extends once again its product ranges with the acquisition of the company CEA SA based in Rancate, Switzerland, specialized in beacons and safety products for special vehicles especially in the agricultural field. With a staff of 400 persons, Vignal Lighting Group generated a turnover of over 80 million euros in 2016. The R&amp;D centers are located in France in the industrial areas of Lyon and Caen and in Rancate, Switzerland.<br \/>\n<a href=\"http:\/\/www.vignal-lighting-group.com\/en\/\" target=\"_blank\" rel=\"noopener\">www.vignal-lighting-group.com<\/a><\/p>\n[\/vc_column][\/vc_row][vc_row style=&#8221;border: solid 1px #ddd; margin-bottom: 10px;&#8221;][vc_column width=&#8221;1\/3&#8243;]<img decoding=\"async\"  class=\"x-img\" style=\"width: 100%\" src=\"https:\/\/ciak-truck.hr\/wp-content\/uploads\/2015\/05\/0024_MI3.jpg\" >[\/vc_column][vc_column width=&#8221;2\/3&#8243; style=&#8221;padding: 2%&#8221;]<p><strong>MI3<\/strong><br \/>\n<em>Zagreb, Croatia<\/em><br \/>\nAs a long-time supplier for the chain of petrol stations, shopping centers and auto parts stores, we are continuously observing the needs of the market, and expanding our range of products according to this. MI3 offers a wide range of accessories, which are developed under its own brand MI3. From a wide range of MI3 products, we are highlighting: wiper blades, headlamps, car mats, car carpets, snow chains, ice scrapers, wheel covers, lamps, fuses, car sponges, cleaning cloths, shades for windshields and car covers.<br \/>\n<a href=\"http:\/\/www.ciak.hr\/SektorTrgovine\/Dodatnaopremaiautokozmetika\/MI3\/tabid\/239\/Default.aspx\" target=\"_blank\" rel=\"noopener\">www.ciak.hr<\/a><\/p>\n[\/vc_column][\/vc_row]\n","protected":false},"excerpt":{"rendered":"<p>[vc_row style=&#8221;border: solid 1px #ddd; margin-bottom: 10px;&#8221;][vc_column width=&#8221;1\/3&#8243;][\/vc_column][vc_column width=&#8221;2\/3&#8243; style=&#8221;padding: 2%&#8221;][\/vc_column][\/vc_row][vc_row style=&#8221;border: solid 1px #ddd; margin-bottom: 10px;&#8221;][vc_column width=&#8221;1\/3&#8243;][\/vc_column][vc_column width=&#8221;2\/3&#8243; style=&#8221;padding: 2%&#8221;][\/vc_column][\/vc_row][vc_row style=&#8221;border: solid 1px #ddd; margin-bottom: 10px;&#8221;][vc_column width=&#8221;1\/3&#8243;][\/vc_column][vc_column width=&#8221;2\/3&#8243; style=&#8221;padding: 2%&#8221;][\/vc_column][\/vc_row][vc_row style=&#8221;border: solid 1px #ddd; margin-bottom: 10px;&#8221;][vc_column width=&#8221;1\/3&#8243; style=&#8221;padding-top: 1%&#8221;][\/vc_column][vc_column width=&#8221;2\/3&#8243; style=&#8221;padding: 2%&#8221;][\/vc_column][\/vc_row][vc_row style=&#8221;border: solid 1px #ddd; margin-bottom: 10px;&#8221;][vc_column width=&#8221;1\/3&#8243; style=&#8221;padding-top: 1%&#8221;][\/vc_column][vc_column width=&#8221;2\/3&#8243; style=&#8221;padding: 2%&#8221;][\/vc_column][\/vc_row][vc_row style=&#8221;border: solid 1px #ddd; margin-bottom: &#8230; <a href=\"https:\/\/ciak-truck.hr\/en\/elektrika\/\" class=\"more-link\">Saznaj vi\u0161e<\/a><\/p>\n","protected":false},"author":10,"featured_media":0,"parent":0,"menu_order":0,"comment_status":"closed","ping_status":"closed","template":"template-layout-content-sidebar.php","meta":{"footnotes":""},"yst_prominent_words":[],"_links":{"self":[{"href":"https:\/\/ciak-truck.hr\/en\/wp-json\/wp\/v2\/pages\/9795"}],"collection":[{"href":"https:\/\/ciak-truck.hr\/en\/wp-json\/wp\/v2\/pages"}],"about":[{"href":"https:\/\/ciak-truck.hr\/en\/wp-json\/wp\/v2\/types\/page"}],"author":[{"embeddable":true,"href":"https:\/\/ciak-truck.hr\/en\/wp-json\/wp\/v2\/users\/10"}],"replies":[{"embeddable":true,"href":"https:\/\/ciak-truck.hr\/en\/wp-json\/wp\/v2\/comments?post=9795"}],"version-history":[{"count":16,"href":"https:\/\/ciak-truck.hr\/en\/wp-json\/wp\/v2\/pages\/9795\/revisions"}],"predecessor-version":[{"id":12874,"href":"https:\/\/ciak-truck.hr\/en\/wp-json\/wp\/v2\/pages\/9795\/revisions\/12874"}],"wp:attachment":[{"href":"https:\/\/ciak-truck.hr\/en\/wp-json\/wp\/v2\/media?parent=9795"}],"wp:term":[{"taxonomy":"yst_prominent_words","embeddable":true,"href":"https:\/\/ciak-truck.hr\/en\/wp-json\/wp\/v2\/yst_prominent_words?post=9795"}],"curies":[{"name":"wp","href":"https:\/\/api.w.org\/{rel}","templated":true}]}}