{"id":11827,"date":"2017-07-09T19:19:51","date_gmt":"2017-07-09T19:19:51","guid":{"rendered":"http:\/\/ciak-truck.hr\/dijelovi-prikolice\/?lang=en"},"modified":"2017-09-02T05:50:04","modified_gmt":"2017-09-02T05:50:04","slug":"dijelovi-prikolice","status":"publish","type":"page","link":"https:\/\/ciak-truck.hr\/en\/dijelovi-prikolice\/","title":{"rendered":"Trailer parts"},"content":{"rendered":"[vc_row style=&#8221;border: solid 1px #ddd; margin-bottom: 10px;&#8221;][vc_column width=&#8221;1\/3&#8243;]<img decoding=\"async\"  class=\"x-img\" style=\"width: 100%\" src=\"https:\/\/ciak-truck.hr\/wp-content\/uploads\/2017\/07\/bpw2.png\" >[\/vc_column][vc_column width=&#8221;2\/3&#8243; style=&#8221;padding: 2%&#8221;]<p><strong>BPW<\/strong><br \/>\n<em>Wiehl, Germany<\/em><br \/>\nBPW is the world&#8217;s leading manufacturer of intelligent running gear systems for trailers and semi-trailers. The BPW Group is represented in more than 30 countries worldwide, has eight development centers, 18 manufacturing facilities, more than 60 sales companies and over 3,200 service partners. BPW has 6.366 employees world-wide. For 2015, BPW reported a consolidated turnover of \u20ac 1.253 billion.<br \/>\n<a href=\"https:\/\/www.bpw.de\/en\/index.html\" target=\"_blank\" rel=\"noopener\">www.bpw.de<\/a><\/p>\n[\/vc_column][\/vc_row][vc_row style=&#8221;border: solid 1px #ddd; margin-bottom: 10px;&#8221;][vc_column width=&#8221;1\/3&#8243;]<img decoding=\"async\"  class=\"x-img\" style=\"width: 100%\" src=\"https:\/\/ciak-truck.hr\/wp-content\/uploads\/2017\/07\/saf-holland.png\" >[\/vc_column][vc_column width=&#8221;2\/3&#8243; style=&#8221;padding: 2%&#8221;]<p><strong>SAF-HOLLAND<\/strong><br \/>\n<em>Luxembourg, Luxembourg<\/em><br \/>\nSAF-HOLLAND S.A. with its headquarters in Luxembourg is the largest independent listed supplier to the commercial vehicle market in Europe and is present in most of the world\u2019s markets. With sales of approximately EUR 1,042 million in 2016 and more than 3,200 employees, the company is one of the leading manufacturers and suppliers of chassis-related systems and components primarily for trailers and semi-trailers, as well as for trucks and buses. The Group currently has locations in 28 countries and is active on six continents.<br \/>\n<a href=\"http:\/\/ww1.safholland.co.uk\/sites\/unitedkingdom\/en-GB\/Pages\/default.aspx?c=uk\" target=\"_blank\" rel=\"noopener\">www.safholland.co.uk<\/a><\/p>\n[\/vc_column][\/vc_row][vc_row style=&#8221;border: solid 1px #ddd; margin-bottom: 10px;&#8221;][vc_column width=&#8221;1\/3&#8243;]<img decoding=\"async\"  class=\"x-img\" style=\"width: 100%\" src=\"https:\/\/ciak-truck.hr\/wp-content\/uploads\/2017\/07\/Meritor.png\" >[\/vc_column][vc_column width=&#8221;2\/3&#8243; style=&#8221;padding: 2%&#8221;]<p><strong>MERITOR<\/strong><br \/>\n<em>Troy, USA<\/em><br \/>\nMeritor is a leading global supplier of drivetrain, mobility, braking and aftermarket solutions for commercial vehicle and industrial markets. With more than a 100-year legacy of providing innovative products that offer superior performance, efficiency and reliability, the company serves commercial truck, trailer, and aftermarket customers around the world providing new and remanufactured axles, brakes, suspensions, transmissions and components for all-makes aftermarket customers.<br \/>\n<a href=\"https:\/\/meritor.com\/default.aspx\" target=\"_blank\" rel=\"noopener\">www.meritor.com<\/a><\/p>\n[\/vc_column][\/vc_row][vc_row style=&#8221;border: solid 1px #ddd; margin-bottom: 10px;&#8221;][vc_column width=&#8221;1\/3&#8243;]<img decoding=\"async\"  class=\"x-img\" style=\"width: 100%\" src=\"https:\/\/ciak-truck.hr\/wp-content\/uploads\/2017\/07\/uc.png\" >[\/vc_column][vc_column width=&#8221;2\/3&#8243; style=&#8221;padding: 2%&#8221;]<p><strong>UNIVERSAL COMPONENTS<\/strong><br \/>\n<em>Sheffield, United Kingdom<\/em><br \/>\nUC is a worldwide distributor of commercial vehicle and trailer components with over 100 years\u2019 experience in the industry. UC offers over 30,000 products across 14 major groups backed by our stringent quality control process and new product developments regulated by ISO9001\/2008 accreditation.<br \/>\n<a href=\"http:\/\/www.ucukltd.com\/\" target=\"_blank\" rel=\"noopener\">www.ucukltd.com<\/a><\/p>\n[\/vc_column][\/vc_row][vc_row style=&#8221;border: solid 1px #ddd; margin-bottom: 10px;&#8221;][vc_column width=&#8221;1\/3&#8243;]<img decoding=\"async\"  class=\"x-img\" style=\"width: 100%\" src=\"https:\/\/ciak-truck.hr\/wp-content\/uploads\/2017\/07\/sampa_web.png\" >[\/vc_column][vc_column width=&#8221;2\/3&#8243; style=&#8221;padding: 2%&#8221;]<p><strong>SAMPA<\/strong><br \/>\n<em>Samsun, Turkey<\/em><br \/>\nSampa Automotive je jedan od najbr\u017ee rastu\u0107ih proizvo\u0111a\u010da rezervnih dijelova za teretna vozila, prikolice i autobuse, osnovan 1994. godine. Sa vi\u0161e od 30000 artikala u ponudi koje u najve\u0107oj mjeri proizvode sami u pogonu od 80000 m2 dostigli su prisutnost na tr\u017ei\u0161tu 116 zemalja, sa ukupno 20 tisu\u0107a tona plasirane robe. Dugogodi\u0161njim inzistiranjem i ulaganjem u izvrsnost, danas se mogu pohvaliti kvalitetom jednakoj onoj OEM proizvo\u0111a\u010da. Njihov je cilj postati globalni lider u prodaji rezervnih dijelova do 2025. godine.<br \/>\n<a href=\"http:\/\/www.sampa.com\" target=\"_blank\" rel=\"noopener\">www.sampa.com<\/a><\/p>\n[\/vc_column][\/vc_row][vc_row style=&#8221;border: solid 1px #ddd; margin-bottom: 10px;&#8221;][vc_column width=&#8221;1\/3&#8243;]<img decoding=\"async\"  class=\"x-img\" style=\"width: 100%\" src=\"https:\/\/ciak-truck.hr\/wp-content\/uploads\/2017\/08\/Febi_Bilstein.png\" >[\/vc_column][vc_column width=&#8221;2\/3&#8243; style=&#8221;padding: 2%&#8221;]<p><strong>FEBI BILSTEIN<\/strong><br \/>\n<em>Ennepetal, Germany<\/em><br \/>\nFEBI BILSTEIN is one of the world\u2019s leading global manufacturers and suppliers of passenger car and commercial vehicle spare parts in the independent aftermarket. Our brand has stood for continuity, quality, service, reliability and innovation for more than 170 years. As a long-established independent family-owned company we are proud to be able to offer you an ever-growing and complete range of products with more than 30,000 technical wear parts &#8211; which are already available in over 140 countries. In addition, FEBI is present in over 69 countries with its own subsidiaries or through selected local partners. And because every second counts, more than 100 million parts are ready to be delivered throughout Germany or abroad from our state-of-the-art logistics center in Ennepetal.<br \/>\n<a href=\"http:\/\/www.febi.com\/febicouk\/home.html\" target=\"_blank\" rel=\"noopener\">www.febi.com<\/a><\/p>\n[\/vc_column][\/vc_row][vc_row style=&#8221;border: solid 1px #ddd; margin-bottom: 10px;&#8221;][vc_column width=&#8221;1\/3&#8243;]<img decoding=\"async\"  class=\"x-img\" style=\"width: 100%\" src=\"https:\/\/ciak-truck.hr\/wp-content\/uploads\/2017\/07\/lago.png\" >[\/vc_column][vc_column width=&#8221;2\/3&#8243; style=&#8221;padding: 2%&#8221;]<p><strong>LAGO<\/strong><br \/>\n<em>Fontaniva, Italy<\/em><br \/>\nEstablished in 1992., LAGO Accessori exports 75% of its production to 40 different countries, with a constant upward trend in turnover and number of markets served, consolidating its position as a truly international brand. The business philosophy of Lago Accessori is based on four milestones: innovation, research &amp; development, design \u2018Made in Italy\u2019 and internationalization. Today, LAGO is one of Europe\u2019s market leaders in the spare parts and accessories for industrial vehicles industry.<br \/>\n<a href=\"http:\/\/www.lagoaccessori.it\/en\/home\" target=\"_blank\" rel=\"noopener\">www.lagoaccessori.it<\/a><\/p>\n[\/vc_column][\/vc_row]\n","protected":false},"excerpt":{"rendered":"<p>[vc_row style=&#8221;border: solid 1px #ddd; margin-bottom: 10px;&#8221;][vc_column width=&#8221;1\/3&#8243;][\/vc_column][vc_column width=&#8221;2\/3&#8243; style=&#8221;padding: 2%&#8221;][\/vc_column][\/vc_row][vc_row style=&#8221;border: solid 1px #ddd; margin-bottom: 10px;&#8221;][vc_column width=&#8221;1\/3&#8243;][\/vc_column][vc_column width=&#8221;2\/3&#8243; style=&#8221;padding: 2%&#8221;][\/vc_column][\/vc_row][vc_row style=&#8221;border: solid 1px #ddd; margin-bottom: 10px;&#8221;][vc_column width=&#8221;1\/3&#8243;][\/vc_column][vc_column width=&#8221;2\/3&#8243; style=&#8221;padding: 2%&#8221;][\/vc_column][\/vc_row][vc_row style=&#8221;border: solid 1px #ddd; margin-bottom: 10px;&#8221;][vc_column width=&#8221;1\/3&#8243;][\/vc_column][vc_column width=&#8221;2\/3&#8243; style=&#8221;padding: 2%&#8221;][\/vc_column][\/vc_row][vc_row style=&#8221;border: solid 1px #ddd; margin-bottom: 10px;&#8221;][vc_column width=&#8221;1\/3&#8243;][\/vc_column][vc_column width=&#8221;2\/3&#8243; style=&#8221;padding: 2%&#8221;][\/vc_column][\/vc_row][vc_row style=&#8221;border: solid 1px #ddd; margin-bottom: 10px;&#8221;][vc_column width=&#8221;1\/3&#8243;][\/vc_column][vc_column width=&#8221;2\/3&#8243; style=&#8221;padding: &#8230; <a href=\"https:\/\/ciak-truck.hr\/en\/dijelovi-prikolice\/\" class=\"more-link\">Saznaj vi\u0161e<\/a><\/p>\n","protected":false},"author":10,"featured_media":0,"parent":0,"menu_order":0,"comment_status":"closed","ping_status":"closed","template":"","meta":{"footnotes":""},"yst_prominent_words":[],"_links":{"self":[{"href":"https:\/\/ciak-truck.hr\/en\/wp-json\/wp\/v2\/pages\/11827"}],"collection":[{"href":"https:\/\/ciak-truck.hr\/en\/wp-json\/wp\/v2\/pages"}],"about":[{"href":"https:\/\/ciak-truck.hr\/en\/wp-json\/wp\/v2\/types\/page"}],"author":[{"embeddable":true,"href":"https:\/\/ciak-truck.hr\/en\/wp-json\/wp\/v2\/users\/10"}],"replies":[{"embeddable":true,"href":"https:\/\/ciak-truck.hr\/en\/wp-json\/wp\/v2\/comments?post=11827"}],"version-history":[{"count":11,"href":"https:\/\/ciak-truck.hr\/en\/wp-json\/wp\/v2\/pages\/11827\/revisions"}],"predecessor-version":[{"id":12879,"href":"https:\/\/ciak-truck.hr\/en\/wp-json\/wp\/v2\/pages\/11827\/revisions\/12879"}],"wp:attachment":[{"href":"https:\/\/ciak-truck.hr\/en\/wp-json\/wp\/v2\/media?parent=11827"}],"wp:term":[{"taxonomy":"yst_prominent_words","embeddable":true,"href":"https:\/\/ciak-truck.hr\/en\/wp-json\/wp\/v2\/yst_prominent_words?post=11827"}],"curies":[{"name":"wp","href":"https:\/\/api.w.org\/{rel}","templated":true}]}}